{"id":8,"date":"2015-08-27T15:07:22","date_gmt":"2015-08-27T13:07:22","guid":{"rendered":"http:\/\/www.giersterbraeu.com\/wp\/?page_id=8"},"modified":"2025-12-05T15:02:07","modified_gmt":"2025-12-05T14:02:07","slug":"getraenke","status":"publish","type":"page","link":"http:\/\/www.giersterbraeu.com\/wp\/?page_id=8","title":{"rendered":"Speisen"},"content":{"rendered":"<div class=\"wp-block-image\">\n<figure class=\"aligncenter size-full\"><img loading=\"lazy\" decoding=\"async\" width=\"613\" height=\"870\" src=\"https:\/\/www.giersterbraeu.com\/wp\/wp-content\/uploads\/2025\/12\/holzofen-Saison-deutsch-2026.jpg\" alt=\"\" class=\"wp-image-2081\" srcset=\"http:\/\/www.giersterbraeu.com\/wp\/wp-content\/uploads\/2025\/12\/holzofen-Saison-deutsch-2026.jpg 613w, http:\/\/www.giersterbraeu.com\/wp\/wp-content\/uploads\/2025\/12\/holzofen-Saison-deutsch-2026-211x300.jpg 211w\" sizes=\"auto, (max-width: 613px) 100vw, 613px\" \/><\/figure>\n<\/div>\n\n<div class=\"wp-block-image\">\n<figure class=\"aligncenter size-full\"><img loading=\"lazy\" decoding=\"async\" width=\"598\" height=\"854\" src=\"https:\/\/www.giersterbraeu.com\/wp\/wp-content\/uploads\/2025\/12\/holzofen-Saison-englisch-2026.jpg\" alt=\"\" class=\"wp-image-2082\" srcset=\"http:\/\/www.giersterbraeu.com\/wp\/wp-content\/uploads\/2025\/12\/holzofen-Saison-englisch-2026.jpg 598w, http:\/\/www.giersterbraeu.com\/wp\/wp-content\/uploads\/2025\/12\/holzofen-Saison-englisch-2026-210x300.jpg 210w\" sizes=\"auto, (max-width: 598px) 100vw, 598px\" \/><\/figure>\n<\/div>\n\n<div class=\"wp-block-image\">\n<figure class=\"aligncenter size-full\"><img loading=\"lazy\" decoding=\"async\" width=\"588\" height=\"886\" src=\"https:\/\/www.giersterbraeu.com\/wp\/wp-content\/uploads\/2025\/09\/trinken1.jpg\" alt=\"\" class=\"wp-image-2020\" srcset=\"http:\/\/www.giersterbraeu.com\/wp\/wp-content\/uploads\/2025\/09\/trinken1.jpg 588w, http:\/\/www.giersterbraeu.com\/wp\/wp-content\/uploads\/2025\/09\/trinken1-199x300.jpg 199w\" sizes=\"auto, (max-width: 588px) 100vw, 588px\" \/><\/figure>\n<\/div>\n\n<div class=\"wp-block-image\">\n<figure class=\"aligncenter size-full\"><img loading=\"lazy\" decoding=\"async\" width=\"591\" height=\"865\" src=\"https:\/\/www.giersterbraeu.com\/wp\/wp-content\/uploads\/2025\/09\/trinken2.jpg\" alt=\"\" class=\"wp-image-2021\" srcset=\"http:\/\/www.giersterbraeu.com\/wp\/wp-content\/uploads\/2025\/09\/trinken2.jpg 591w, http:\/\/www.giersterbraeu.com\/wp\/wp-content\/uploads\/2025\/09\/trinken2-205x300.jpg 205w\" sizes=\"auto, (max-width: 591px) 100vw, 591px\" \/><\/figure>\n<\/div>\n\n<div class=\"wp-block-image\">\n<figure class=\"aligncenter size-full is-resized\"><img loading=\"lazy\" decoding=\"async\" width=\"598\" height=\"863\" src=\"https:\/\/www.giersterbraeu.com\/wp\/wp-content\/uploads\/2025\/09\/trinken3.jpg\" alt=\"\" class=\"wp-image-2022\" style=\"width:559px;height:auto\" srcset=\"http:\/\/www.giersterbraeu.com\/wp\/wp-content\/uploads\/2025\/09\/trinken3.jpg 598w, http:\/\/www.giersterbraeu.com\/wp\/wp-content\/uploads\/2025\/09\/trinken3-208x300.jpg 208w\" sizes=\"auto, (max-width: 598px) 100vw, 598px\" \/><\/figure>\n<\/div>\n\n<div class=\"wp-block-image\">\n<figure class=\"aligncenter size-full\"><img loading=\"lazy\" decoding=\"async\" width=\"616\" height=\"831\" src=\"https:\/\/www.giersterbraeu.com\/wp\/wp-content\/uploads\/2025\/09\/ENGLISH-1-1.jpg\" alt=\"\" class=\"wp-image-2023\" srcset=\"http:\/\/www.giersterbraeu.com\/wp\/wp-content\/uploads\/2025\/09\/ENGLISH-1-1.jpg 616w, http:\/\/www.giersterbraeu.com\/wp\/wp-content\/uploads\/2025\/09\/ENGLISH-1-1-222x300.jpg 222w\" sizes=\"auto, (max-width: 616px) 100vw, 616px\" \/><\/figure>\n<\/div>\n\n<div class=\"wp-block-image\">\n<figure class=\"aligncenter size-full\"><img loading=\"lazy\" decoding=\"async\" width=\"612\" height=\"847\" src=\"https:\/\/www.giersterbraeu.com\/wp\/wp-content\/uploads\/2025\/09\/ENGLISH-2-1.jpg\" alt=\"\" class=\"wp-image-2024\" srcset=\"http:\/\/www.giersterbraeu.com\/wp\/wp-content\/uploads\/2025\/09\/ENGLISH-2-1.jpg 612w, http:\/\/www.giersterbraeu.com\/wp\/wp-content\/uploads\/2025\/09\/ENGLISH-2-1-217x300.jpg 217w\" sizes=\"auto, (max-width: 612px) 100vw, 612px\" \/><\/figure>\n<\/div>\n\n<div class=\"wp-block-image\">\n<figure class=\"aligncenter size-full\"><img loading=\"lazy\" decoding=\"async\" width=\"620\" height=\"785\" src=\"https:\/\/www.giersterbraeu.com\/wp\/wp-content\/uploads\/2025\/09\/ENGLISH-3-1.jpg\" alt=\"\" class=\"wp-image-2025\" srcset=\"http:\/\/www.giersterbraeu.com\/wp\/wp-content\/uploads\/2025\/09\/ENGLISH-3-1.jpg 620w, http:\/\/www.giersterbraeu.com\/wp\/wp-content\/uploads\/2025\/09\/ENGLISH-3-1-237x300.jpg 237w\" sizes=\"auto, (max-width: 620px) 100vw, 620px\" \/><\/figure>\n<\/div>\n\n<div class=\"wp-block-image\">\n<figure class=\"aligncenter size-full\"><img loading=\"lazy\" decoding=\"async\" width=\"545\" height=\"766\" src=\"https:\/\/www.giersterbraeu.com\/wp\/wp-content\/uploads\/2025\/09\/deutsch1.jpg\" alt=\"\" class=\"wp-image-2014\" srcset=\"http:\/\/www.giersterbraeu.com\/wp\/wp-content\/uploads\/2025\/09\/deutsch1.jpg 545w, http:\/\/www.giersterbraeu.com\/wp\/wp-content\/uploads\/2025\/09\/deutsch1-213x300.jpg 213w\" sizes=\"auto, (max-width: 545px) 100vw, 545px\" \/><\/figure>\n<\/div>\n\n<div class=\"wp-block-image\">\n<figure class=\"aligncenter size-full\"><img loading=\"lazy\" decoding=\"async\" width=\"559\" height=\"786\" src=\"https:\/\/www.giersterbraeu.com\/wp\/wp-content\/uploads\/2025\/09\/deutsch2.jpg\" alt=\"\" class=\"wp-image-2015\" srcset=\"http:\/\/www.giersterbraeu.com\/wp\/wp-content\/uploads\/2025\/09\/deutsch2.jpg 559w, http:\/\/www.giersterbraeu.com\/wp\/wp-content\/uploads\/2025\/09\/deutsch2-213x300.jpg 213w\" sizes=\"auto, (max-width: 559px) 100vw, 559px\" \/><\/figure>\n<\/div>\n\n<div class=\"wp-block-image\">\n<figure class=\"aligncenter size-full\"><img loading=\"lazy\" decoding=\"async\" width=\"564\" height=\"792\" src=\"https:\/\/www.giersterbraeu.com\/wp\/wp-content\/uploads\/2025\/09\/deutsch3.jpg\" alt=\"\" class=\"wp-image-2016\" srcset=\"http:\/\/www.giersterbraeu.com\/wp\/wp-content\/uploads\/2025\/09\/deutsch3.jpg 564w, http:\/\/www.giersterbraeu.com\/wp\/wp-content\/uploads\/2025\/09\/deutsch3-214x300.jpg 214w\" sizes=\"auto, (max-width: 564px) 100vw, 564px\" \/><\/figure>\n<\/div>\n\n\n<!--more-->\n\n\n\n<h2 class=\"wp-block-heading\"><br> <\/h2>\n\n\n\n<h2 class=\"wp-block-heading has-text-align-center\"><\/h2>\n\n\n\n<h2 class=\"wp-block-heading has-text-align-center\"><\/h2>\n\n\n\n<h2 class=\"wp-block-heading has-text-align-center\"><\/h2>\n\n\n\n<h2 class=\"wp-block-heading has-text-align-center\"><strong>Unsere aktuellen Gerichte entnehmen Sie bitte der Spezialkarte im Lokal <\/strong><\/h2>\n\n\n\n<h2 class=\"wp-block-heading has-text-align-center\"><strong>(Beachten Sie unsere Saisonale sowie Tages-Angebote&nbsp; unter News)<\/strong><\/h2>\n\n\n\n<h2 class=\"wp-block-heading\">_______________________________________________________<\/h2>\n\n\n\n<h1 class=\"wp-block-heading has-text-align-right\"><strong>STANDARDKARTE<br>\nZUM START \/ SALAT ALLERLEI<\/strong><\/h1>\n\n\n\n<hr class=\"wp-block-separator has-alpha-channel-opacity\"\/>\n\n\n\n<p class=\"has-text-align-center\">R\u00e4ucherlachs mit Oberskren und getoastetes Bio-Hausbrot 15,90\u20ac D,A,G<\/p>\n\n\n\n<p class=\"has-text-align-center\">Backhendlstreifen in K\u00fcrbis-Sesampanade auf Kartoffelsalat mit Kern\u00f6l (Steirischer Salat) Oder<br>\nNatur auf Blattsalat 18,90\u20ac A,N,G,M<\/p>\n\n\n\n<p class=\"has-text-align-center\">Frischer Blattsalat mit ger\u00f6steten N\u00fcssen, Oliven und<br> Prosciutto-R\u00f6llchen 15,90 \u20ac M,O<\/p>\n\n\n\n<p class=\"has-text-align-center\">Wir haben jede Menge leckere Salate, wir empfehlen Ihnen als Begleitung<br>\nz.B. Erd\u00e4pfelsalat 6,50\u20ac Vegan L,M,O<\/p>\n\n\n\n<p class=\"has-text-align-center\">___________________________________________________________________________<\/p>\n\n\n\n<h1 class=\"wp-block-heading has-text-align-right\">AUS DEM SUPPENTOPF<\/h1>\n\n\n\n<p class=\"has-text-align-center\">Alt Wiener Suppentopf (Leberkn\u00f6del, Frittaten, Rindfleisch und Suppengem\u00fcse)<br>\n8,80 \u20ac A,C,G,L,O<\/p>\n\n\n\n<p class=\"has-text-align-center\">Klare Wiener Gem\u00fcse-Suppe (Ingwer, Gem\u00fcse, Kartoffel) 7,80 Vegan L,O<\/p>\n\n\n\n<p class=\"has-text-align-center\">Kr\u00e4ftige Rindsuppe mit Hausgemachten Frittaten oder Leberkn\u00f6del Einlage<br>\n6,50 A, C, G, L, O<\/p>\n\n\n\n<p class=\"has-text-align-center\">__________________________________________________________________________________<\/p>\n\n\n\n<h1 class=\"wp-block-heading has-text-align-right\">UNSERE FISCHGERICHTE<\/h1>\n\n\n\n<p class=\"has-text-align-center\">Gegrilltes Wildlachsfilet mit Polenta \u2013 Kruste<br> dazu Grillgem\u00fcse 22,90\u20ac A,D,L,M<\/p>\n\n\n\n<p class=\"has-text-align-center\">Gebackener Zanderfilet mit Erd\u00e4pfel-Vogerlsalat 22,90\u20ac A,D,L,G<br>\nOder<br>\nNatur Zanderfilet mit Petersilerd\u00e4pfel und Gem\u00fcse 22,90 \u20ac A,D,L,M<\/p>\n\n\n\n<p class=\"has-text-align-center\">________________________________________________________________________________<\/p>\n\n\n\n<h1 class=\"wp-block-heading has-text-align-right\"><strong>UNSERE SCHMANKERL<\/strong><\/h1>\n\n\n\n<p class=\"has-text-align-center\">Wiener Schnitzel Original vom Kalb (180g) mit Petersilerd\u00e4pfel 28,90\u20ac  A,G,L<br> H\u00fchnerschnitzel (180g) gebacken mit Petersilerd\u00e4pfel 18,90\u20ac  A,G,L<\/p>\n\n\n\n<p class=\"has-text-align-center\"><strong>***<\/strong> <strong>DIP-Auswahl:<\/strong>&nbsp; <u>Preiselbeer-Marmelade<\/u> \/ Sauce Tartare \/ Barbecue 3,00\u20ac<\/p>\n\n\n\n<p class=\"has-text-align-center\"> Oder z.B.: Ketchup \/ Mayonnaise \/ Senf&nbsp;&nbsp; 2,00\u20ac<\/p>\n\n\n\n<p class=\"has-text-align-center\">Surschnitzel vom Schwein (180g) mit Kartoffel-Gurkensalat 20,90 A,G,C<\/p>\n\n\n\n<p class=\"has-text-align-center\">Kalbsnatur (180g) mit Butterreis und frischem Marktgem\u00fcse 28,90\u20ac&nbsp; A,L,H<\/p>\n\n\n\n<p class=\"has-text-align-center\">Rindsgulasch (von der Wade und Schulterscherzel) mit Serviettenkn\u00f6del und Salzgurke<\/p>\n\n\n\n<p class=\"has-text-align-center\"> 19,80\u20ac A,G,M,L,C<\/p>\n\n\n\n<p class=\"has-text-align-center\">Beirid (180g) mit Bratkartoffeln und Grillgem\u00fcse dazu Preiselbeersauce<br> 28,90 \u20ac&nbsp; A,L,M<\/p>\n\n\n\n<p class=\"has-text-align-center\">Wiener Zwiebelrostbraten (180g) mit Braterd\u00e4pfel 28,90\u20ac&nbsp;&nbsp; A,L,M<\/p>\n\n\n\n<p class=\"has-text-align-center\">Gebratenes H\u00fchnerfilet (180g) gef\u00fcllt mit(Spinat und Schafsk\u00e4se)auf Ingwer-<br> Curry-Risotto 23,90\u20ac&nbsp;&nbsp; A,G,L,H<\/p>\n\n\n\n<p class=\"has-text-align-center\">Hirschragout (180g) mit Pilze, Speck, Gem\u00fcse und Serviettenkn\u00f6del dazu Preiselbeeren<br> 28,90\u20ac&nbsp; A,C,G,L,M,N<\/p>\n\n\n\n<p class=\"has-text-align-center\">Hirschfilet in Preiselbeersauce mit gegrilltem Gem\u00fcse dazu Serviettenkn\u00f6del 28,90\u20ac  A,C,G<\/p>\n\n\n\n<p class=\"has-text-align-center\">_____________________________________________________________________________<\/p>\n\n\n\n<h1 class=\"wp-block-heading has-text-align-right\">KLEINIGKEITEN &amp; VEGAN<\/h1>\n\n\n\n<p class=\"has-text-align-center\">Polenta mit Grillgem\u00fcse 13,90\u20ac G, A, G, A<\/p>\n\n\n\n<p class=\"has-text-align-center\">Gem\u00fcse-Nuss-Risotto 16,80\u20ac  E,H<\/p>\n\n\n\n<p class=\"has-text-align-center\">\u00dcberbackenes Bio Hausbrot (Prosciutto, K\u00e4se, Tomaten, Oliven) mit frischem Dip<br> 16,90\u20ac (3Stk) A,C,G<\/p>\n\n\n\n<p class=\"has-text-align-center\">Bio Knoblauch-Sonnenblumenbrot vom Holzofen mit Butter und frischen Schnittlauch (2 Stk.) 7,50 \u20ac  A,H,G<\/p>\n\n\n\n<p class=\"has-text-align-center\">Portion Hausgemachtes Bio Brot (2 Stk)&nbsp; 3,00\u20ac  A,H<\/p>\n\n\n\n<p class=\"has-text-align-center\">______________________________________________________________________<\/p>\n\n\n\n<h1 class=\"wp-block-heading has-text-align-right\">FINALE HAUSGEMACHT<\/h1>\n\n\n\n<p class=\"has-text-align-center\">Powidltascherl mit Br\u00f6sel und warmer Butter (5Stk) 9,80 A,G<\/p>\n\n\n\n<p class=\"has-text-align-center\">Kaiserschmarren mit Zwetschkenr\u00f6ster 12,90\u20ac A,G,C<\/p>\n\n\n\n<p class=\"has-text-align-center\">Frische Schoko , Marille Oder Preiselbeer&nbsp; Palatschinken (2 Stk.) 9,80\u20ac A,G,C<\/p>\n\n\n\n<p class=\"has-text-align-center\">Wiener Apfelstrudel 6,80\u20ac<\/p>\n\n\n\n<p class=\"has-text-align-center\">mit Schlag 7,80\u20ac<\/p>\n\n\n\n<p class=\"has-text-align-center\">oder mit Vanillesauce 9,80\u20ac A,G,C<\/p>\n\n\n\n<p class=\"has-text-align-center\">Wir w\u00fcnschen guten Appetit<\/p>\n\n\n\n<p class=\"has-text-align-center\">*Allergeninformationen gem\u00e4\u00df Codex-Empfehlung<br>\nA:glutenhaltiges Getreide \/ B:Krebstiere \/ C:Ei \/ D:Fisch \/ E:Erdnuss \/ F:Soja \/ G:Milch oder Laktose \/ H:Schalenfr\u00fcchte \/ L:Sellerie \/ M:Senf \/ N:Sesam \/ O:Sulfite \/ P:Lupinen \/ R:Weichtiere<\/p>\n\n\n\n<p class=\"has-text-align-center\"><strong><em>Informationen \u00fcber Zutaten in unseren Speisen,<\/em><\/strong><\/p>\n\n\n\n<p class=\"has-text-align-center\"><strong><em>die Allergien oder Unvertr\u00e4glichkeiten ausl\u00f6sen k\u00f6nnen, erhalten Sie gerne von unseren MitarbeiterInnen!<\/em><\/strong><\/p>\n\n\n\n<h2 class=\"wp-block-heading has-text-align-center\"><strong>GETR\u00c4NKE<\/strong><\/h2>\n\n\n\n<p class=\"has-text-align-center\">Wir bieten \u00f6sterreichische Weine sowie Bier vom Fass (Hausbier Lager, M\u00e4rzen oder Dunkel, Zwickel &amp; Schnitt) Flaschen (Hubertus Herrn Pils, Stiegl Wei\u00dfe, Stiegl Null komma Null AF).<\/p>\n\n\n\n<p class=\"has-text-align-center\">Au\u00dferdem bieten wir auch heimische hausgemachte Limonaden an 0,33&nbsp;&nbsp; 8,80 \u20ac<\/p>\n\n\n\n<p class=\"has-text-align-center\">Unsere Spiritosen sind ausschlie\u00dflich inl\u00e4ndische Produkte erweitert mit internationalen Marken.<\/p>\n\n\n\n<p><\/p>\n","protected":false},"excerpt":{"rendered":"","protected":false},"author":1,"featured_media":64,"parent":0,"menu_order":2,"comment_status":"closed","ping_status":"closed","template":"","meta":{"footnotes":""},"class_list":["post-8","page","type-page","status-publish","has-post-thumbnail","hentry"],"_links":{"self":[{"href":"http:\/\/www.giersterbraeu.com\/wp\/index.php?rest_route=\/wp\/v2\/pages\/8","targetHints":{"allow":["GET"]}}],"collection":[{"href":"http:\/\/www.giersterbraeu.com\/wp\/index.php?rest_route=\/wp\/v2\/pages"}],"about":[{"href":"http:\/\/www.giersterbraeu.com\/wp\/index.php?rest_route=\/wp\/v2\/types\/page"}],"author":[{"embeddable":true,"href":"http:\/\/www.giersterbraeu.com\/wp\/index.php?rest_route=\/wp\/v2\/users\/1"}],"replies":[{"embeddable":true,"href":"http:\/\/www.giersterbraeu.com\/wp\/index.php?rest_route=%2Fwp%2Fv2%2Fcomments&post=8"}],"version-history":[{"count":58,"href":"http:\/\/www.giersterbraeu.com\/wp\/index.php?rest_route=\/wp\/v2\/pages\/8\/revisions"}],"predecessor-version":[{"id":2083,"href":"http:\/\/www.giersterbraeu.com\/wp\/index.php?rest_route=\/wp\/v2\/pages\/8\/revisions\/2083"}],"wp:featuredmedia":[{"embeddable":true,"href":"http:\/\/www.giersterbraeu.com\/wp\/index.php?rest_route=\/wp\/v2\/media\/64"}],"wp:attachment":[{"href":"http:\/\/www.giersterbraeu.com\/wp\/index.php?rest_route=%2Fwp%2Fv2%2Fmedia&parent=8"}],"curies":[{"name":"wp","href":"https:\/\/api.w.org\/{rel}","templated":true}]}}