{"id":18,"date":"2015-08-27T15:08:09","date_gmt":"2015-08-27T13:08:09","guid":{"rendered":"http:\/\/www.giersterbraeu.com\/wp\/?page_id=18"},"modified":"2026-02-05T10:13:53","modified_gmt":"2026-02-05T09:13:53","slug":"kontakt","status":"publish","type":"page","link":"http:\/\/www.giersterbraeu.com\/wp\/?page_id=18","title":{"rendered":"Kontakt"},"content":{"rendered":"<h3 style=\"text-align: center;\"><span style=\"color: #008000;\">Giersterbr\u00e4u<\/span><br \/>\n<span style=\"color: #008000;\"> Gierstergasse 10<\/span><br \/>\n<span style=\"color: #008000;\"> 1120 Wien<\/span><\/h3>\n<p style=\"text-align: center;\"><span style=\"color: #993366;\">Tel: 01 \/ 8100162\u00a0\u00a0\u00a0 Mobil: 0664 \/ 1433374<\/span><\/p>\n<p style=\"text-align: center;\"><span style=\"color: #993366;\">E-Mail: giersterbraeu@giersterbraeu.com<\/span><\/p>\n<p style=\"text-align: center;\"><span style=\"color: #993366;\">Facebook: https:\/\/www.facebook.com\/Giersterbr\u00e4u-Restaurant-1640007119545224\/<\/span><\/p>\n<p style=\"text-align: center;\"><span style=\"color: #993366;\">Siehe Anfahrtsplan unten.<\/span><\/p>\n<p style=\"text-align: center;\"><span style=\"color: #0000ff;\"> https:\/\/maps.app.goo.gl\/CobRJCxoLdw3VasH6<\/span><\/p>\n<p style=\"text-align: center;\"><span style=\"color: #993366;\">\u00d6FFNUNGSZEITEN:<\/span><br \/>\n<span style=\"color: #993366;\"> Montag &#8211; Sonntag 10:00-23:00 Uhr<\/span><\/p>\n<p style=\"text-align: center;\"><span style=\"color: #993366;\">Durchgehend warme K\u00fcche von 11:00 bis 22:00 Uhr<\/span><\/p>\n<p style=\"text-align: center;\"><span style=\"color: #993366;\">Tischreservierung wird empfohlen (telefonisch oder rechtzeitig per E-Mail)<\/span><\/p>\n<p style=\"text-align: center;\"><span style=\"color: #993366;\">F\u00fcr kleine Festlichkeiten <\/span><\/p>\n<p style=\"text-align: center;\"><span style=\"color: #993366;\">(20-62 Personen drinnen) <\/span><\/p>\n<p style=\"text-align: center;\"><span style=\"color: #993366;\">UND <\/span><\/p>\n<p style=\"text-align: center;\"><span style=\"color: #993366;\">(20 -100 drau\u00dfen oder mehr nach Absprache)<\/span><\/p>\n<p style=\"text-align: center;\"><span style=\"color: #993366;\">UND <\/span><\/p>\n<p style=\"text-align: center;\"><span style=\"color: #993366;\">(Musik nach Absprache) <\/span><\/p>\n<p style=\"text-align: center;\"><span style=\"color: #993366;\">steht das Team auch au\u00dferhalb der \u00d6ffnungszeiten gerne zur Verf\u00fcgung (<span class=\"st\"><em>\u00e0 la carte<\/em><\/span>, Buffet etc).<\/span><\/p>\n<p style=\"text-align: center;\"><span style=\"color: #993366;\">Wir akzeptieren Card Complete AB 30,00\u20ac : <\/span><\/p>\n<p style=\"text-align: center;\"><span style=\"color: #993366;\">(Visa, Visa Electron, Mastercard Eurocard, Maestro und Bankomat)<\/span><\/p>\n<p style=\"text-align: center;\"><span style=\"color: #993366;\">Gutscheine nach Absprache<br \/>\n<\/span><\/p>\n<p style=\"text-align: center;\"><span style=\"color: #0000ff;\">Tischreservierungen m\u00fcssen im Vorhinein get\u00e4tigt werden und werden ab sofort telefonisch unter <\/span><\/p>\n<p style=\"text-align: center;\"><span style=\"color: #0000ff;\">+43 1\/8100162 \u00a0 oder\u00a0 +43 664\/1433374\u00a0 angenommen.<\/span><\/p>\n<p style=\"text-align: center;\"><span style=\"color: #0000ff;\">Bitte desinfizieren Sie sich Ihre H\u00e4nde beim Betreten des Restaurants.<\/span><\/p>\n<p style=\"text-align: center;\"><span style=\"color: #0000ff;\">Sollten Sie sich krank f\u00fchlen, so bitten wir Sie R\u00fccksicht auf Ihre Mitmenschen zu nehmen und Ihre Tischreservierung zu stornieren.<\/span><\/p>\n<p style=\"text-align: center;\"><span style=\"color: #0000ff;\">Unterst\u00fctzen Sie die Betriebe in der Region.<\/span><br \/>\n<span style=\"color: #0000ff;\"> Alles Liebe und bis bald.<\/span><\/p>\n<p style=\"text-align: center;\"><span style=\"color: #0000ff;\">Wollten Sie immer schon mal ein ganzes Lokal f\u00fcr sich alleine haben?<\/span><br \/>\n<span style=\"color: #0000ff;\"> Ab sofort machen wir das f\u00fcr Sie m\u00f6glich!<\/span><br \/>\n<span style=\"color: #0000ff;\"> Eventlocation \u2013 allerdings nur f\u00fcr geschlossene Gesellschaften.<\/span><br \/>\n<span style=\"color: #0000ff;\"> Buchbar ist das Lokal f\u00fcr betriebliche Anl\u00e4sse, wie:<\/span><\/p>\n<p style=\"text-align: center;\"><span style=\"color: #0000ff;\">Firmenfeiern , Teamevents, Meetings , Seminare , Kunstveranstaltungen<\/span><br \/>\n<span style=\"color: #0000ff;\"> und selbstverst\u00e4ndlich auch f\u00fcr private Feste, wie:<\/span><br \/>\n<span style=\"color: #0000ff;\"> Geburtstag ,Taufe , Firmung , Polterabend , Hochzeit.<\/span><br \/>\n<span style=\"color: #0000ff;\"> Die Location ist ideal f\u00fcr Gesellschaften bis zu ca. 60 Personen im Innenbereich. Die gro\u00dfz\u00fcgige \u00fcberdachte Natur Garten bietet je nach Saison noch weitere Pl\u00e4tze.<\/span><br \/>\n<span style=\"color: #0000ff;\"> Zusammengefasst:<\/span><br \/>\n<span style=\"color: #0000ff;\"> buchbar Montag bis\u00a0 Sonntag von 10 \u2013 23 h (auf Wunsch auch l\u00e4nger)<\/span><br \/>\n<span style=\"color: #0000ff;\"> exklusiv f\u00fcr geschlossene Gesellschaften<\/span><br \/>\n<span style=\"color: #0000ff;\"> 60 Sitzpl\u00e4tze verteilt in zwei R\u00e4ume jeweils 30 Personen + Natur Garten\u00a0 (je nach Bedarf)<\/span><br \/>\n<span style=\"color: #0000ff;\">Das Lokal kann mit oder ohne Konsumation gebucht werden. <\/span><br \/>\n<span style=\"color: #0000ff;\"> F\u00fcr Fragen und Detailinformationen kontaktieren Sie uns einfach.<\/span><\/p>\n<p style=\"text-align: center;\"><span style=\"color: #0000ff;\">Butkovic Suad sowie das Giersterbr\u00e4u-Team<\/span><\/p>\n","protected":false},"excerpt":{"rendered":"<p>Giersterbr\u00e4u Gierstergasse 10 1120 Wien Tel: 01 \/ 8100162\u00a0\u00a0\u00a0 Mobil: 0664 \/ 1433374 E-Mail: giersterbraeu@giersterbraeu.com Facebook: https:\/\/www.facebook.com\/Giersterbr\u00e4u-Restaurant-1640007119545224\/ Siehe Anfahrtsplan unten. https:\/\/maps.app.goo.gl\/CobRJCxoLdw3VasH6 \u00d6FFNUNGSZEITEN: Montag &#8211; Sonntag 10:00-23:00 Uhr Durchgehend warme K\u00fcche von 11:00 bis 22:00 Uhr Tischreservierung wird empfohlen (telefonisch oder rechtzeitig per E-Mail) F\u00fcr kleine Festlichkeiten (20-62 Personen drinnen) UND (20 -100 drau\u00dfen oder mehr [&hellip;]<\/p>\n","protected":false},"author":1,"featured_media":62,"parent":0,"menu_order":7,"comment_status":"closed","ping_status":"closed","template":"","meta":{"footnotes":""},"class_list":["post-18","page","type-page","status-publish","has-post-thumbnail","hentry"],"_links":{"self":[{"href":"http:\/\/www.giersterbraeu.com\/wp\/index.php?rest_route=\/wp\/v2\/pages\/18","targetHints":{"allow":["GET"]}}],"collection":[{"href":"http:\/\/www.giersterbraeu.com\/wp\/index.php?rest_route=\/wp\/v2\/pages"}],"about":[{"href":"http:\/\/www.giersterbraeu.com\/wp\/index.php?rest_route=\/wp\/v2\/types\/page"}],"author":[{"embeddable":true,"href":"http:\/\/www.giersterbraeu.com\/wp\/index.php?rest_route=\/wp\/v2\/users\/1"}],"replies":[{"embeddable":true,"href":"http:\/\/www.giersterbraeu.com\/wp\/index.php?rest_route=%2Fwp%2Fv2%2Fcomments&post=18"}],"version-history":[{"count":23,"href":"http:\/\/www.giersterbraeu.com\/wp\/index.php?rest_route=\/wp\/v2\/pages\/18\/revisions"}],"predecessor-version":[{"id":2114,"href":"http:\/\/www.giersterbraeu.com\/wp\/index.php?rest_route=\/wp\/v2\/pages\/18\/revisions\/2114"}],"wp:featuredmedia":[{"embeddable":true,"href":"http:\/\/www.giersterbraeu.com\/wp\/index.php?rest_route=\/wp\/v2\/media\/62"}],"wp:attachment":[{"href":"http:\/\/www.giersterbraeu.com\/wp\/index.php?rest_route=%2Fwp%2Fv2%2Fmedia&parent=18"}],"curies":[{"name":"wp","href":"https:\/\/api.w.org\/{rel}","templated":true}]}}